{"id":21,"date":"2015-12-18T08:43:44","date_gmt":"2015-12-18T08:43:44","guid":{"rendered":"http:\/\/pgk-przeworsk.pl\/?page_id=21"},"modified":"2017-05-26T11:25:48","modified_gmt":"2017-05-26T09:25:48","slug":"zaklad-wod-kan","status":"publish","type":"page","link":"https:\/\/pgk-przeworsk.pl\/?page_id=21","title":{"rendered":"Zak\u0142ad wodoci\u0105g\u00f3w i kanalizacji"},"content":{"rendered":"<p>Stacja Uzdatniania Wody (SUW) zlokalizowana jest w miejscowo\u015bci Rozb\u00f3rz i zasila ona w 100 % w wod\u0119 Miasto Przeworsk. Wykorzystuje uj\u0119cie wody podziemnej \u201eTrojany\u201d z utwor\u00f3w czwartorz\u0119dowych, zlokalizowanych na p\u00f3\u0142noc od miasta Przeworska w Pradolinie Podkarpackiej (Kotlina Sandomierska) na granicy z Pog\u00f3rzem Rzeszowskim.<\/p>\n<p>Na przestrzeni lat 2012 &#8211; 2013 przeprowadzono gruntown\u0105 modernizacj\u0119 stacji uzdatniania wody. Koszty modernizacji pokry\u0142a Gmina Miejska Przeworsk przy cz\u0119\u015bciowym dofinansowaniu ze \u015brodk\u00f3w Europejskiego Funduszu Rozwoju Regionalnego Programu Operacyjnego Wojew\u00f3dztwa Podkarpackiego na lata 2007-2013.<\/p>\n<p>Zastosowano technologi\u0119 uzdatniania wody firmy P.T.H.U. HYDRO-MARKO Maria Pluta z Jarocina w oparciu o klasyczny dwustopniowy proces filtracji na czterech filtrach I\u00b0 typ KF-2300\/6 oraz na czterech filtrach II\u00b0 typ KF-2300\/6 ze z\u0142o\u017cem katalitycznym.<\/p>\n<p>Rozbudowywany (modernizowany) uk\u0142ad technologiczny uzdatniania wody sk\u0142ada si\u0119 z:<\/p>\n<ul>\n<li>\n<div class=\"Default\">studni g\u0142\u0119binowych (7 szt.)<\/div>\n<\/li>\n<\/ul>\n<ul>\n<li>\n<div class=\"Default\">\u017celbetowego zbiornika wody surowej V =150 m3,<\/div>\n<\/li>\n<\/ul>\n<ul>\n<li>\n<div class=\"Default\">uk\u0142adu napowietrzania \u2013 dwie turbiny napowietrzaj\u0105ce AQUA JET AF 40 T3 zamontowane wewn\u0105trz zbiornika wody surowej dla natlenienia i usuni\u0119cia gaz\u00f3w zawartych w wodzie<\/div>\n<\/li>\n<\/ul>\n<ul>\n<li>\n<div class=\"Default\">uk\u0142adu pomp po\u015brednich podaj\u0105cych wod\u0119 na filtry &#8211; Q = 144 m3\/h,<\/div>\n<\/li>\n<\/ul>\n<ul>\n<li>\n<div class=\"Default\">uk\u0142adu filtracji I\u00b0 \u2013 czterech projektowanych filtr\u00f3w ci\u015bnieniowych \u00d8 2300 mm pospiesznych ze z\u0142o\u017cem mineralnym do usuwania \u017celaza i redukcji amoniaku typ KF-2300\/6<\/div>\n<\/li>\n<\/ul>\n<ul>\n<li>\n<div class=\"Default\">uk\u0142adu filtracji II\u00b0 \u2013 czterech filtr\u00f3w ci\u015bnieniowych \u00d8 2300 mm pospiesznych ze z\u0142o\u017cem katalitycznym do usuwania manganu typ KF-2300\/6,<\/div>\n<\/li>\n<\/ul>\n<ul>\n<li>\n<div class=\"Default\">uk\u0142adu dozowania roztworu podchlorynu sodu (alternatywnie nadmanganianu potasu) przed filtrami I\u00b0 i II\u00b0 &#8211; aktywacja z\u0142o\u017ca w czasie pracy serwisowej filtr\u00f3w,<\/div>\n<\/li>\n<\/ul>\n<ul>\n<li>\n<div class=\"Default\">pompy p\u0142ucznej \u2013 podaj\u0105cej wod\u0119 do p\u0142ukania wstecznego filtr\u00f3w Q=229 m3\/h,<\/div>\n<\/li>\n<\/ul>\n<ul>\n<li>\n<div class=\"Default\">dw\u00f3ch istniej\u0105cych zbiornik\u00f3w retencyjnych wody uzdatnionej V=2&#215;150 m3,<\/div>\n<\/li>\n<\/ul>\n<ul>\n<li>\n<div class=\"Default\">uk\u0142adu dezynfekcji wody (podchloryn sodu), dozowanie przed zbiornikami wody uzdatnionej,<\/div>\n<\/li>\n<\/ul>\n<ul>\n<li>\n<div class=\"Default\">zestawu pomp sieciowych podaj\u0105cych wod\u0119 do sieci wodoci\u0105gowej Q = 216 m3\/h przy H =62 m,<\/div>\n<\/li>\n<\/ul>\n<ul>\n<li>\n<div class=\"Default\">lampy UV do dezynfekcji ci\u0105g\u0142ej,<\/div>\n<\/li>\n<\/ul>\n<ul>\n<li>\n<div class=\"Default\">zaworu przeciwuderzeniowego<\/div>\n<\/li>\n<\/ul>\n<ul>\n<li>\n<div class=\"Default\">ci\u015bnieniowego naczynia przeponowego<\/div>\n<\/li>\n<\/ul>\n<ul>\n<li>\n<div class=\"Default\">odstojnika w\u00f3d pop\u0142ucznych V =30 m3<\/div>\n<\/li>\n<\/ul>\n<ul>\n<li>dw\u00f3ch istniej\u0105cych zbiornik\u00f3w wyr\u00f3wnawczych na sieci wodoci\u0105gowej V = 2 x 500 m3, zlokalizowanych poza terenem stacji w Aleksandrowie.<\/li>\n<\/ul>\n<p>Praca urz\u0105dze\u0144 SUW jest ca\u0142kowicie zautomatyzowana. Technologi\u0105 i procesami uzdatniania wody steruje system komputerowy, nadzorowany przez personel techniczny Przeworskiej Gospodarki Komunalnej.<\/p>\n\n\t\t<style type=\"text\/css\">\n\t\t\t#gallery-1 {\n\t\t\t\tmargin: auto;\n\t\t\t}\n\t\t\t#gallery-1 .gallery-item {\n\t\t\t\tfloat: left;\n\t\t\t\tmargin-top: 10px;\n\t\t\t\ttext-align: center;\n\t\t\t\twidth: 33%;\n\t\t\t}\n\t\t\t#gallery-1 img {\n\t\t\t\tborder: 2px solid #cfcfcf;\n\t\t\t}\n\t\t\t#gallery-1 .gallery-caption {\n\t\t\t\tmargin-left: 0;\n\t\t\t}\n\t\t\t\/* see gallery_shortcode() in wp-includes\/media.php *\/\n\t\t<\/style>\n\t\t<div id='gallery-1' class='gallery galleryid-21 gallery-columns-3 gallery-size-thumbnail'><dl class='gallery-item'>\n\t\t\t<dt class='gallery-icon landscape'>\n\t\t\t\t<a href='https:\/\/pgk-przeworsk.pl\/wp-content\/uploads\/2015\/12\/wod-kan1.jpg'><img loading=\"lazy\" decoding=\"async\" width=\"150\" height=\"150\" src=\"https:\/\/pgk-przeworsk.pl\/wp-content\/uploads\/2015\/12\/wod-kan1-150x150.jpg\" class=\"attachment-thumbnail size-thumbnail\" alt=\"\" \/><\/a>\n\t\t\t<\/dt><\/dl><dl class='gallery-item'>\n\t\t\t<dt class='gallery-icon landscape'>\n\t\t\t\t<a href='https:\/\/pgk-przeworsk.pl\/wp-content\/uploads\/2015\/12\/wod-kan2.jpg'><img loading=\"lazy\" decoding=\"async\" width=\"150\" height=\"150\" src=\"https:\/\/pgk-przeworsk.pl\/wp-content\/uploads\/2015\/12\/wod-kan2-150x150.jpg\" class=\"attachment-thumbnail size-thumbnail\" alt=\"\" \/><\/a>\n\t\t\t<\/dt><\/dl><dl class='gallery-item'>\n\t\t\t<dt class='gallery-icon landscape'>\n\t\t\t\t<a href='https:\/\/pgk-przeworsk.pl\/wp-content\/uploads\/2015\/12\/wod-kan3.jpg'><img loading=\"lazy\" decoding=\"async\" width=\"150\" height=\"150\" src=\"https:\/\/pgk-przeworsk.pl\/wp-content\/uploads\/2015\/12\/wod-kan3-150x150.jpg\" class=\"attachment-thumbnail size-thumbnail\" alt=\"\" \/><\/a>\n\t\t\t<\/dt><\/dl><br style=\"clear: both\" \/><dl class='gallery-item'>\n\t\t\t<dt class='gallery-icon landscape'>\n\t\t\t\t<a href='https:\/\/pgk-przeworsk.pl\/wp-content\/uploads\/2016\/01\/suw11-1.jpeg'><img loading=\"lazy\" decoding=\"async\" width=\"150\" height=\"150\" src=\"https:\/\/pgk-przeworsk.pl\/wp-content\/uploads\/2016\/01\/suw11-1-150x150.jpeg\" class=\"attachment-thumbnail size-thumbnail\" alt=\"\" \/><\/a>\n\t\t\t<\/dt><\/dl><dl class='gallery-item'>\n\t\t\t<dt class='gallery-icon landscape'>\n\t\t\t\t<a href='https:\/\/pgk-przeworsk.pl\/wp-content\/uploads\/2016\/01\/suw9-1.jpeg'><img loading=\"lazy\" decoding=\"async\" width=\"150\" height=\"150\" src=\"https:\/\/pgk-przeworsk.pl\/wp-content\/uploads\/2016\/01\/suw9-1-150x150.jpeg\" class=\"attachment-thumbnail size-thumbnail\" alt=\"\" \/><\/a>\n\t\t\t<\/dt><\/dl><dl class='gallery-item'>\n\t\t\t<dt class='gallery-icon landscape'>\n\t\t\t\t<a href='https:\/\/pgk-przeworsk.pl\/wp-content\/uploads\/2016\/01\/suw8-1.jpeg'><img loading=\"lazy\" decoding=\"async\" width=\"150\" height=\"150\" src=\"https:\/\/pgk-przeworsk.pl\/wp-content\/uploads\/2016\/01\/suw8-1-150x150.jpeg\" class=\"attachment-thumbnail size-thumbnail\" alt=\"\" \/><\/a>\n\t\t\t<\/dt><\/dl><br style=\"clear: both\" \/><dl class='gallery-item'>\n\t\t\t<dt class='gallery-icon landscape'>\n\t\t\t\t<a href='https:\/\/pgk-przeworsk.pl\/wp-content\/uploads\/2016\/01\/suw7-1.jpeg'><img loading=\"lazy\" decoding=\"async\" width=\"150\" height=\"150\" src=\"https:\/\/pgk-przeworsk.pl\/wp-content\/uploads\/2016\/01\/suw7-1-150x150.jpeg\" class=\"attachment-thumbnail size-thumbnail\" alt=\"\" \/><\/a>\n\t\t\t<\/dt><\/dl><dl class='gallery-item'>\n\t\t\t<dt class='gallery-icon landscape'>\n\t\t\t\t<a href='https:\/\/pgk-przeworsk.pl\/wp-content\/uploads\/2016\/01\/suw6-1.jpeg'><img loading=\"lazy\" decoding=\"async\" width=\"150\" height=\"150\" src=\"https:\/\/pgk-przeworsk.pl\/wp-content\/uploads\/2016\/01\/suw6-1-150x150.jpeg\" class=\"attachment-thumbnail size-thumbnail\" alt=\"\" \/><\/a>\n\t\t\t<\/dt><\/dl><dl class='gallery-item'>\n\t\t\t<dt class='gallery-icon landscape'>\n\t\t\t\t<a href='https:\/\/pgk-przeworsk.pl\/wp-content\/uploads\/2016\/01\/suw5-1.jpeg'><img loading=\"lazy\" decoding=\"async\" width=\"150\" height=\"150\" src=\"https:\/\/pgk-przeworsk.pl\/wp-content\/uploads\/2016\/01\/suw5-1-150x150.jpeg\" class=\"attachment-thumbnail size-thumbnail\" alt=\"\" \/><\/a>\n\t\t\t<\/dt><\/dl><br style=\"clear: both\" \/><dl class='gallery-item'>\n\t\t\t<dt class='gallery-icon landscape'>\n\t\t\t\t<a href='https:\/\/pgk-przeworsk.pl\/wp-content\/uploads\/2016\/01\/suw4-1.jpeg'><img loading=\"lazy\" decoding=\"async\" width=\"150\" height=\"150\" src=\"https:\/\/pgk-przeworsk.pl\/wp-content\/uploads\/2016\/01\/suw4-1-150x150.jpeg\" class=\"attachment-thumbnail size-thumbnail\" alt=\"\" \/><\/a>\n\t\t\t<\/dt><\/dl>\n\t\t\t<br style='clear: both' \/>\n\t\t<\/div>\n\n","protected":false},"excerpt":{"rendered":"<p>Stacja Uzdatniania Wody (SUW) zlokalizowana jest w miejscowo\u015bci Rozb\u00f3rz i zasila ona w 100 % w wod\u0119 Miasto Przeworsk. Wykorzystuje uj\u0119cie wody podziemnej \u201eTrojany\u201d z utwor\u00f3w czwartorz\u0119dowych, zlokalizowanych na p\u00f3\u0142noc od miasta Przeworska w Pradolinie Podkarpackiej (Kotlina Sandomierska) na granicy z Pog\u00f3rzem Rzeszowskim. Na przestrzeni lat 2012 &#8211; 2013 przeprowadzono gruntown\u0105 modernizacj\u0119 stacji uzdatniania wody. &hellip; <\/p>\n<p><a class=\"more-link block-button\" href=\"https:\/\/pgk-przeworsk.pl\/?page_id=21\">Kontynuuj czytanie &raquo;<\/a><\/p>\n","protected":false},"author":1,"featured_media":0,"parent":15,"menu_order":0,"comment_status":"closed","ping_status":"closed","template":"","meta":{"footnotes":""},"class_list":["post-21","page","type-page","status-publish","hentry","nodate"],"_links":{"self":[{"href":"https:\/\/pgk-przeworsk.pl\/index.php?rest_route=\/wp\/v2\/pages\/21","targetHints":{"allow":["GET"]}}],"collection":[{"href":"https:\/\/pgk-przeworsk.pl\/index.php?rest_route=\/wp\/v2\/pages"}],"about":[{"href":"https:\/\/pgk-przeworsk.pl\/index.php?rest_route=\/wp\/v2\/types\/page"}],"author":[{"embeddable":true,"href":"https:\/\/pgk-przeworsk.pl\/index.php?rest_route=\/wp\/v2\/users\/1"}],"replies":[{"embeddable":true,"href":"https:\/\/pgk-przeworsk.pl\/index.php?rest_route=%2Fwp%2Fv2%2Fcomments&post=21"}],"version-history":[{"count":7,"href":"https:\/\/pgk-przeworsk.pl\/index.php?rest_route=\/wp\/v2\/pages\/21\/revisions"}],"predecessor-version":[{"id":396,"href":"https:\/\/pgk-przeworsk.pl\/index.php?rest_route=\/wp\/v2\/pages\/21\/revisions\/396"}],"up":[{"embeddable":true,"href":"https:\/\/pgk-przeworsk.pl\/index.php?rest_route=\/wp\/v2\/pages\/15"}],"wp:attachment":[{"href":"https:\/\/pgk-przeworsk.pl\/index.php?rest_route=%2Fwp%2Fv2%2Fmedia&parent=21"}],"curies":[{"name":"wp","href":"https:\/\/api.w.org\/{rel}","templated":true}]}}