{"id":2141,"date":"2026-03-12T09:38:29","date_gmt":"2026-03-12T08:38:29","guid":{"rendered":"https:\/\/pgk-przeworsk.pl\/?page_id=2141"},"modified":"2026-03-12T09:38:29","modified_gmt":"2026-03-12T08:38:29","slug":"klauzule-informacyjne","status":"publish","type":"page","link":"https:\/\/pgk-przeworsk.pl\/?page_id=2141","title":{"rendered":"Klauzule informacyjne"},"content":{"rendered":"<ul>\n<li><a href=\"https:\/\/pgk-przeworsk.pl\/wp-content\/uploads\/2026\/03\/pgk_klauzula-informacyjna_zamowienia-publiczne_powyzej-progow_w2.pdf\">Klauzula informacyjna zam\u00f3wienia publiczne powy\u017cej prog\u00f3w<\/a><\/li>\n<li><a href=\"https:\/\/pgk-przeworsk.pl\/wp-content\/uploads\/2026\/03\/PGK_klauzula-informacyjna_zamowienia-podprogowe_W2.pdf\">Klauzula informacyjna zam\u00f3wienia podprogowe<\/a><\/li>\n<li><a href=\"https:\/\/pgk-przeworsk.pl\/wp-content\/uploads\/2026\/03\/PGK_klauzula-informacyjna_umowy_kontrakty_W2.pdf\">Klauzula informacyjna umowy kontrakty<\/a><\/li>\n<\/ul>\n","protected":false},"excerpt":{"rendered":"<p>Klauzula informacyjna zam\u00f3wienia publiczne powy\u017cej prog\u00f3w Klauzula informacyjna zam\u00f3wienia podprogowe Klauzula informacyjna umowy kontrakty<\/p>\n","protected":false},"author":1,"featured_media":0,"parent":2138,"menu_order":0,"comment_status":"closed","ping_status":"closed","template":"","meta":{"footnotes":""},"class_list":["post-2141","page","type-page","status-publish","hentry","nodate"],"_links":{"self":[{"href":"https:\/\/pgk-przeworsk.pl\/index.php?rest_route=\/wp\/v2\/pages\/2141","targetHints":{"allow":["GET"]}}],"collection":[{"href":"https:\/\/pgk-przeworsk.pl\/index.php?rest_route=\/wp\/v2\/pages"}],"about":[{"href":"https:\/\/pgk-przeworsk.pl\/index.php?rest_route=\/wp\/v2\/types\/page"}],"author":[{"embeddable":true,"href":"https:\/\/pgk-przeworsk.pl\/index.php?rest_route=\/wp\/v2\/users\/1"}],"replies":[{"embeddable":true,"href":"https:\/\/pgk-przeworsk.pl\/index.php?rest_route=%2Fwp%2Fv2%2Fcomments&post=2141"}],"version-history":[{"count":2,"href":"https:\/\/pgk-przeworsk.pl\/index.php?rest_route=\/wp\/v2\/pages\/2141\/revisions"}],"predecessor-version":[{"id":2146,"href":"https:\/\/pgk-przeworsk.pl\/index.php?rest_route=\/wp\/v2\/pages\/2141\/revisions\/2146"}],"up":[{"embeddable":true,"href":"https:\/\/pgk-przeworsk.pl\/index.php?rest_route=\/wp\/v2\/pages\/2138"}],"wp:attachment":[{"href":"https:\/\/pgk-przeworsk.pl\/index.php?rest_route=%2Fwp%2Fv2%2Fmedia&parent=2141"}],"curies":[{"name":"wp","href":"https:\/\/api.w.org\/{rel}","templated":true}]}}